{"id":52,"date":"2016-08-12T18:34:03","date_gmt":"2016-08-12T16:34:03","guid":{"rendered":"https:\/\/iwacu-burundi.org\/opendata\/?page_id=52"},"modified":"2018-08-14T16:19:09","modified_gmt":"2018-08-14T14:19:09","slug":"contact","status":"publish","type":"page","link":"https:\/\/iwacu-burundi.org\/opendata\/contact\/","title":{"rendered":"Contactez-nous"},"content":{"rendered":"<h4>Vous n&rsquo;avez pas trouv\u00e9 ce que vous cherchez, vous souhaitez proposer un jeu de donn\u00e9es ou nous signaler une erreur dans un jeu de donn\u00e9es ? Compl\u00e9tez le formulaire ci-dessous. Elvis Mugisha, notre data manager, vous r\u00e9pondra dans les plus brefs d\u00e9lais.<\/h4>\n<p>[contact-form-7 id=\u00a0\u00bb55&Prime; title=\u00a0\u00bbFormulaire de contact 1&Prime;]<\/p>\n","protected":false},"excerpt":{"rendered":"<p>Vous n&rsquo;avez pas trouv\u00e9 ce que vous cherchez, vous souhaitez proposer un jeu de donn\u00e9es ou nous signaler une erreur dans un jeu de donn\u00e9es ? Compl\u00e9tez le formulaire ci-dessous. Elvis Mugisha, notre data manager, vous r\u00e9pondra dans les plus brefs d\u00e9lais. [contact-form-7 id=\u00a0\u00bb55&Prime; title=\u00a0\u00bbFormulaire de contact 1&Prime;]<\/p>\n","protected":false},"author":1,"featured_media":0,"parent":0,"menu_order":0,"comment_status":"closed","ping_status":"closed","template":"template_contact.php","meta":{"footnotes":""},"class_list":["post-52","page","type-page","status-publish","hentry"],"_links":{"self":[{"href":"https:\/\/iwacu-burundi.org\/opendata\/wp-json\/wp\/v2\/pages\/52","targetHints":{"allow":["GET"]}}],"collection":[{"href":"https:\/\/iwacu-burundi.org\/opendata\/wp-json\/wp\/v2\/pages"}],"about":[{"href":"https:\/\/iwacu-burundi.org\/opendata\/wp-json\/wp\/v2\/types\/page"}],"author":[{"embeddable":true,"href":"https:\/\/iwacu-burundi.org\/opendata\/wp-json\/wp\/v2\/users\/1"}],"replies":[{"embeddable":true,"href":"https:\/\/iwacu-burundi.org\/opendata\/wp-json\/wp\/v2\/comments?post=52"}],"version-history":[{"count":0,"href":"https:\/\/iwacu-burundi.org\/opendata\/wp-json\/wp\/v2\/pages\/52\/revisions"}],"wp:attachment":[{"href":"https:\/\/iwacu-burundi.org\/opendata\/wp-json\/wp\/v2\/media?parent=52"}],"curies":[{"name":"wp","href":"https:\/\/api.w.org\/{rel}","templated":true}]}}