{"id":50,"date":"2016-08-12T18:32:29","date_gmt":"2016-08-12T16:32:29","guid":{"rendered":"https:\/\/iwacu-burundi.org\/opendata\/?page_id=50"},"modified":"2016-08-14T18:11:35","modified_gmt":"2016-08-14T16:11:35","slug":"partenariat","status":"publish","type":"page","link":"https:\/\/iwacu-burundi.org\/opendata\/partenariat\/","title":{"rendered":"Devenir partenaire"},"content":{"rendered":"<p>Notre objectif est de faire grandir ce portail, pour devenir une r\u00e9f\u00e9rence sur le Burundi.<\/p>\n<p>Vous souhaitez nous soutenir ou nous proposer une collaboration ? Compl\u00e9tez le formulaire ci-dessous. Elvis Mugisha, notre data manager, vous contactera dans les plus brefs d\u00e9lais.<\/p>\n<p>[contact-form-7 id=\u00a0\u00bb55&Prime; title=\u00a0\u00bbFormulaire de contact 1&Prime;]<\/p>\n","protected":false},"excerpt":{"rendered":"<p>Notre objectif est de faire grandir ce portail, pour devenir une r\u00e9f\u00e9rence sur le Burundi. Vous souhaitez nous soutenir ou nous proposer une collaboration ? Compl\u00e9tez le formulaire ci-dessous. Elvis Mugisha, notre data manager, vous contactera dans les plus brefs d\u00e9lais. [contact-form-7 id=\u00a0\u00bb55&Prime; title=\u00a0\u00bbFormulaire de contact 1&Prime;]<\/p>\n","protected":false},"author":1,"featured_media":0,"parent":0,"menu_order":0,"comment_status":"closed","ping_status":"closed","template":"template_partenaire.php","meta":{"footnotes":""},"class_list":["post-50","page","type-page","status-publish","hentry"],"_links":{"self":[{"href":"https:\/\/iwacu-burundi.org\/opendata\/wp-json\/wp\/v2\/pages\/50","targetHints":{"allow":["GET"]}}],"collection":[{"href":"https:\/\/iwacu-burundi.org\/opendata\/wp-json\/wp\/v2\/pages"}],"about":[{"href":"https:\/\/iwacu-burundi.org\/opendata\/wp-json\/wp\/v2\/types\/page"}],"author":[{"embeddable":true,"href":"https:\/\/iwacu-burundi.org\/opendata\/wp-json\/wp\/v2\/users\/1"}],"replies":[{"embeddable":true,"href":"https:\/\/iwacu-burundi.org\/opendata\/wp-json\/wp\/v2\/comments?post=50"}],"version-history":[{"count":0,"href":"https:\/\/iwacu-burundi.org\/opendata\/wp-json\/wp\/v2\/pages\/50\/revisions"}],"wp:attachment":[{"href":"https:\/\/iwacu-burundi.org\/opendata\/wp-json\/wp\/v2\/media?parent=50"}],"curies":[{"name":"wp","href":"https:\/\/api.w.org\/{rel}","templated":true}]}}