{"id":48,"date":"2016-08-12T18:30:37","date_gmt":"2016-08-12T16:30:37","guid":{"rendered":"https:\/\/iwacu-burundi.org\/opendata\/?page_id=48"},"modified":"2016-08-14T17:48:23","modified_gmt":"2016-08-14T15:48:23","slug":"licences","status":"publish","type":"page","link":"https:\/\/iwacu-burundi.org\/opendata\/licences\/","title":{"rendered":"Licences d\u2019utilisation"},"content":{"rendered":"<p><strong>Les jeux de donn\u00e9es (base de donn\u00e9es) sont soumis \u00e0 la <a href=\"http:\/\/opendatacommons.org\/licenses\/odbl\/1.0\/\">licence ODbL 1.0<\/a>.<\/strong><\/p>\n<p>Les donn\u00e9es propos\u00e9s sur le portail IWACU Open Data, collect\u00e9es et\/ou produites dans le cadre des activit\u00e9s du groupe de presse Iwacu sont soumises \u00e0 la licence ODC Open Database License (ODbL). Cet accord de licence permet aux utilisateurs de partager librement, modifier et utiliser cette base de donn\u00e9es tout en maintenant cette m\u00eame libert\u00e9 pour les autres.<\/p>\n<p>L\u2019utilisateur est libre de partager les jeux de donn\u00e9es dans le cadre de leur copie, leur distribution et leur utilisation\u00a0; de cr\u00e9er (produire des \u0153uvres) \u00e0 partir des jeux de donn\u00e9es\u00a0; d\u2019adapter les jeux de donn\u00e9es en les modifiant \/ transformant.<br \/>\nTANT QUE<br \/>\ntoute utilisation publique des jeux de donn\u00e9es est soumise \u00e0 cette m\u00eame licence et que ceux-ci restent ouverts <em>(share-alike).<\/em><\/p>\n<p><strong>Tous les droits et contenus individuels des jeux de donn\u00e9es sont soumis \u00e0 la <a href=\"https:\/\/creativecommons.org\/licenses\/by-sa\/3.0\/\" target=\"_blank\">licence Creative Commons 3.0<\/a>.<\/strong><\/p>\n<p>L\u2019utilisateur est libre de partager les contenus (copie et redistribution du mat\u00e9riel sous n\u2019importe quel format) et de les adapter \/ transformer\u00a0; et cela pour n\u2019importe quel propos, y compris commercial.<br \/>\nTANT QUE<br \/>\nles contenus sont cr\u00e9dit\u00e9s \u201cIWACU Open Data\u201d, qu\u2019un lien renvoie vers la licence et que des indications soient donn\u00e9es sur les modifications effectu\u00e9es. La redistribution des contenus doit \u00eatre soumise aux m\u00eames conditions de licence que celles pr\u00e9cit\u00e9es <em>(share-alike).<\/em><\/p>\n<p>En d\u2019autres mots, appropriez-vous les donn\u00e9es et faites les vivre en toute libert\u00e9. Respectez ce principe de licence libre. Mentionnez la source \u00ab\u00a0IWACU Open Data\u00a0\u00bb.<\/p>\n<p><strong>Les jeux de donn\u00e9es collect\u00e9s sur d\u2019autres plateformes open data sont soumises aux conditions de licence du producteur original.<\/strong> Si les licences permettent la r\u00e9utilisation, elles peuvent toutefois \u00eatre soumises \u00e0 condition. La mention de la licence originale figure dans la fiche de chaque jeu de donn\u00e9es, ainsi que la documentation qui y est relative.<\/p>\n<p>&nbsp;<\/p>\n","protected":false},"excerpt":{"rendered":"<p>Les jeux de donn\u00e9es (base de donn\u00e9es) sont soumis \u00e0 la licence ODbL 1.0. Les donn\u00e9es propos\u00e9s sur le portail IWACU Open Data, collect\u00e9es et\/ou produites dans le cadre des activit\u00e9s du groupe de presse Iwacu sont soumises \u00e0 la licence ODC Open Database License (ODbL). Cet accord de licence permet aux utilisateurs de partager [&hellip;]<\/p>\n","protected":false},"author":1,"featured_media":0,"parent":0,"menu_order":0,"comment_status":"closed","ping_status":"closed","template":"template_networks.php","meta":{"footnotes":""},"class_list":["post-48","page","type-page","status-publish","hentry"],"_links":{"self":[{"href":"https:\/\/iwacu-burundi.org\/opendata\/wp-json\/wp\/v2\/pages\/48","targetHints":{"allow":["GET"]}}],"collection":[{"href":"https:\/\/iwacu-burundi.org\/opendata\/wp-json\/wp\/v2\/pages"}],"about":[{"href":"https:\/\/iwacu-burundi.org\/opendata\/wp-json\/wp\/v2\/types\/page"}],"author":[{"embeddable":true,"href":"https:\/\/iwacu-burundi.org\/opendata\/wp-json\/wp\/v2\/users\/1"}],"replies":[{"embeddable":true,"href":"https:\/\/iwacu-burundi.org\/opendata\/wp-json\/wp\/v2\/comments?post=48"}],"version-history":[{"count":0,"href":"https:\/\/iwacu-burundi.org\/opendata\/wp-json\/wp\/v2\/pages\/48\/revisions"}],"wp:attachment":[{"href":"https:\/\/iwacu-burundi.org\/opendata\/wp-json\/wp\/v2\/media?parent=48"}],"curies":[{"name":"wp","href":"https:\/\/api.w.org\/{rel}","templated":true}]}}