{"id":42,"date":"2016-08-12T18:24:01","date_gmt":"2016-08-12T16:24:01","guid":{"rendered":"https:\/\/iwacu-burundi.org\/opendata\/?page_id=42"},"modified":"2021-02-15T10:45:55","modified_gmt":"2021-02-15T09:45:55","slug":"projet","status":"publish","type":"page","link":"https:\/\/iwacu-burundi.org\/opendata\/projet\/","title":{"rendered":"A propos du projet IWACU Open Data"},"content":{"rendered":"<p>IWACU Open Data, initi\u00e9 et d\u00e9velopp\u00e9 par le groupe de presse IWACU, a pour objectif de fournir des donn\u00e9es ouvertes et r\u00e9utilisables \u00e0 propos du Burundi, et de centraliser toutes les donn\u00e9es valides \u00e0 propos du Burundi.<strong> Il s&rsquo;agit d&rsquo;un instrument de travail pour les journalistes (fact-checking et d\u00e9veloppement de projets de datajournalisme), ainsi qu&rsquo;un outil au service des citoyens, chercheurs, ONG et d\u00e9cideurs.<\/strong><\/p>\n<p>Ce projet est amen\u00e9 \u00e0 grandir au fil des mois. Des questions ? Des id\u00e9es \u00e0 nous soumettre ? N&rsquo;h\u00e9sitez pas \u00e0 nous contacter <a href=\"http:\/\/iwacu-burundi.org\/opendata\/contact\/\">via cette page<\/a>.<\/p>\n<p>Merci de nous signaler toute r\u00e9utilisation de nos jeux de donn\u00e9es. Nous mettrons vos projets en \u00e9vidence sur une page d\u00e9di\u00e9e.<\/p>\n<hr \/>\n<p><strong>Conception et d\u00e9veloppement du portail open data :<\/strong> Laurence Dierickx<\/p>\n<p><strong>Data Manager :<\/strong> Elvis Mugisha<br \/>\n<strong>Datajournaliste :<\/strong> Keyna Iteriteka<br \/>\n<strong>Datajournaliste :<\/strong> Guy Ars\u00e8ne Izere<\/p>\n","protected":false},"excerpt":{"rendered":"<p>IWACU Open Data, initi\u00e9 et d\u00e9velopp\u00e9 par le groupe de presse IWACU, a pour objectif de fournir des donn\u00e9es ouvertes et r\u00e9utilisables \u00e0 propos du Burundi, et de centraliser toutes les donn\u00e9es valides \u00e0 propos du Burundi. Il s&rsquo;agit d&rsquo;un instrument de travail pour les journalistes (fact-checking et d\u00e9veloppement de projets de datajournalisme), ainsi qu&rsquo;un [&hellip;]<\/p>\n","protected":false},"author":1,"featured_media":0,"parent":0,"menu_order":0,"comment_status":"closed","ping_status":"closed","template":"template_networks.php","meta":{"footnotes":""},"class_list":["post-42","page","type-page","status-publish","hentry"],"_links":{"self":[{"href":"https:\/\/iwacu-burundi.org\/opendata\/wp-json\/wp\/v2\/pages\/42","targetHints":{"allow":["GET"]}}],"collection":[{"href":"https:\/\/iwacu-burundi.org\/opendata\/wp-json\/wp\/v2\/pages"}],"about":[{"href":"https:\/\/iwacu-burundi.org\/opendata\/wp-json\/wp\/v2\/types\/page"}],"author":[{"embeddable":true,"href":"https:\/\/iwacu-burundi.org\/opendata\/wp-json\/wp\/v2\/users\/1"}],"replies":[{"embeddable":true,"href":"https:\/\/iwacu-burundi.org\/opendata\/wp-json\/wp\/v2\/comments?post=42"}],"version-history":[{"count":5,"href":"https:\/\/iwacu-burundi.org\/opendata\/wp-json\/wp\/v2\/pages\/42\/revisions"}],"predecessor-version":[{"id":144378,"href":"https:\/\/iwacu-burundi.org\/opendata\/wp-json\/wp\/v2\/pages\/42\/revisions\/144378"}],"wp:attachment":[{"href":"https:\/\/iwacu-burundi.org\/opendata\/wp-json\/wp\/v2\/media?parent=42"}],"curies":[{"name":"wp","href":"https:\/\/api.w.org\/{rel}","templated":true}]}}